{"id":951,"date":"2016-05-23T10:30:24","date_gmt":"2016-05-23T10:30:24","guid":{"rendered":"https:\/\/gardensolutions.ampersandmarketing.es\/contacto\/"},"modified":"2021-12-07T11:36:11","modified_gmt":"2021-12-07T11:36:11","slug":"contactez-nous","status":"publish","type":"page","link":"https:\/\/gardensolutions.ampersandmarketing.es\/fr\/contactez-nous\/","title":{"rendered":"Contactez-nous"},"content":{"rendered":"<div id='welcome'  class='av-layout-grid-container av-5lmop3-1e6a377d2f8ed5b98dc54bcc75a6408e entry-content-wrapper main_color av-fixed-cells  avia-builder-el-0  el_before_av_google_map  avia-builder-el-first   container_wrap sidebar_right'  >\n\n<style type=\"text\/css\" data-created_by=\"avia_inline_auto\" id=\"style-css-av-5bunuv-d2479372d03008ac4f491e8a32bb561e\">\n.flex_cell.av-5bunuv-d2479372d03008ac4f491e8a32bb561e{\nvertical-align:top;\nheight:15px;\nmin-height:15px;\npadding:0px 0px 0px 0px;\nbackground-color:#719430;\n}\n<\/style>\n<div class='flex_cell av_one_fourth av-5bunuv-d2479372d03008ac4f491e8a32bb561e no_margin  avia-builder-el-1  el_before_av_cell_one_fourth  avia-builder-el-first  av-zero-padding' ><div class='flex_cell_inner'><\/div><\/div>\n<style type=\"text\/css\" data-created_by=\"avia_inline_auto\" id=\"style-css-av-587627-9839753be8199c5094e00fe13d213f2a\">\n.flex_cell.av-587627-9839753be8199c5094e00fe13d213f2a{\nvertical-align:top;\nheight:15px;\nmin-height:15px;\npadding:0px 0px 0px 0px;\nbackground-color:#92bb46;\n}\n<\/style>\n<div class='flex_cell av_one_fourth av-587627-9839753be8199c5094e00fe13d213f2a no_margin  avia-builder-el-2  el_after_av_cell_one_fourth  el_before_av_cell_one_fourth  av-zero-padding' ><div class='flex_cell_inner'><\/div><\/div>\n<style type=\"text\/css\" data-created_by=\"avia_inline_auto\" id=\"style-css-av-53k8sv-d94d896b1aa327a2ec1bef20d04da592\">\n.flex_cell.av-53k8sv-d94d896b1aa327a2ec1bef20d04da592{\nvertical-align:top;\nheight:15px;\nmin-height:15px;\npadding:0px 0px 0px 0px;\nbackground-color:#acd464;\n}\n<\/style>\n<div class='flex_cell av_one_fourth av-53k8sv-d94d896b1aa327a2ec1bef20d04da592 no_margin  avia-builder-el-3  el_after_av_cell_one_fourth  el_before_av_cell_one_fourth  av-zero-padding' ><div class='flex_cell_inner'><\/div><\/div>\n<style type=\"text\/css\" data-created_by=\"avia_inline_auto\" id=\"style-css-av-4xbnxb-77178497d1f5a51c4c6312e168c65812\">\n.flex_cell.av-4xbnxb-77178497d1f5a51c4c6312e168c65812{\nvertical-align:top;\nheight:15px;\nmin-height:15px;\npadding:0px 0px 0px 0px;\nbackground-color:#e1fbb2;\n}\n<\/style>\n<div class='flex_cell av_one_fourth av-4xbnxb-77178497d1f5a51c4c6312e168c65812 no_margin  avia-builder-el-4  el_after_av_cell_one_fourth  avia-builder-el-last  av-zero-padding' ><div class='flex_cell_inner'><\/div><\/div>\n<\/div>\n<div  class='av_gmaps_sc_main_wrap av_gmaps_main_wrap '><div id='av_gmap_0' class='avia-google-map-container avia-google-map-sc av_gmaps_show_unconditionally av-no-fallback-img ' data-mapid='av_gmap_0'  style='height: 500px;'><a class=\"av_gmaps_browser_disabled av_text_confirm_link av_text_confirm_link_visible\" href=\"https:\/\/www.google.com\/maps\/search\/?api=1&#038;query=Partida%20de%20la%20Marina,%20Pol\u00edgono%201,%20n\u00ba161%2003194%20La%20Marina%20Alicante%20Espa\u00f1a\" target=\"_blank\" rel=\"noopener\">Les cartes ont \u00e9t\u00e9 d\u00e9sactiv\u00e9es par le visiteur sur ce site. Cliquer pour ouvrir la carte dans une nouvelle fen\u00eatre.<\/a><\/div><\/div>\n<div id='hello'  class='av-layout-grid-container av-4ek0mf-a84f9e42a619661a9634d4041e32c465 entry-content-wrapper main_color av-flex-cells  avia-builder-el-6  el_after_av_google_map  el_before_av_layout_row  grid-row-not-first  container_wrap sidebar_right'  >\n\n<style type=\"text\/css\" data-created_by=\"avia_inline_auto\" id=\"style-css-av-45k8rb-9fbf27a07c07b8895923f19421cb2619\">\n.flex_cell.av-45k8rb-9fbf27a07c07b8895923f19421cb2619{\nvertical-align:top;\npadding:100px 100px 100px 100px;\n}\n<\/style>\n<div class='flex_cell av_two_fifth av-45k8rb-9fbf27a07c07b8895923f19421cb2619 no_margin  avia-builder-el-7  el_before_av_cell_three_fifth  avia-builder-el-first ' ><div class='flex_cell_inner'><p>\n<style type=\"text\/css\" data-created_by=\"avia_inline_auto\" id=\"style-css-av-434zjz-6668cdad40e2ab6c98a21ce1d8d5b270\">\n#top .av-special-heading.av-434zjz-6668cdad40e2ab6c98a21ce1d8d5b270{\npadding-bottom:30px;\nfont-size:55px;\n}\n<\/style>\n<div  class='av-special-heading av-434zjz-6668cdad40e2ab6c98a21ce1d8d5b270 av-special-heading-h1 blockquote modern-quote  avia-builder-el-8  el_before_av_hr  avia-builder-el-first  av-inherit-size '><h1 class='av-special-heading-tag '  itemprop=\"headline\"  ><u>Contactez-nous<\/u><\/h1><div class='special-heading-border'><div class='special-heading-inner-border'><\/div><\/div><\/div><br \/>\n\n<style type=\"text\/css\" data-created_by=\"avia_inline_auto\" id=\"style-css-av-3now9j-f12dfd32fc3089087a9ed2319728294b\">\n#top .hr.hr-invisible.av-3now9j-f12dfd32fc3089087a9ed2319728294b{\nheight:20px;\n}\n<\/style>\n<div  class='hr av-3now9j-f12dfd32fc3089087a9ed2319728294b hr-invisible  avia-builder-el-9  el_after_av_heading  el_before_av_textblock  '><span class='hr-inner '><span class=\"hr-inner-style\"><\/span><\/span><\/div><br \/>\n\n<style type=\"text\/css\" data-created_by=\"avia_inline_auto\" id=\"style-css-av-3mmxr3-c2be98c669059875c60ea19250147ae1\">\n.av_textblock_section.av-3mmxr3-c2be98c669059875c60ea19250147ae1 .avia_textblock{\nfont-size:29px;\n}\n<\/style>\n<section  class='av_textblock_section av-3mmxr3-c2be98c669059875c60ea19250147ae1 '  itemscope=\"itemscope\" itemtype=\"https:\/\/schema.org\/CreativeWork\" ><div class='avia_textblock '  itemprop=\"text\" ><p><span style=\"text-decoration: underline;\">Garden Solutions Costa Blanca<\/span><\/p>\n<\/div><\/section><br \/>\n<section  class='av_textblock_section av-3wovuf-46416fb253ed752d0a73a0b7704a9281 '  itemscope=\"itemscope\" itemtype=\"https:\/\/schema.org\/CreativeWork\" ><div class='avia_textblock '  itemprop=\"text\" ><p>Partida de la Marina, Pol\u00edgono 1, n\u00ba161<br \/>\n03194, La Marina (Elche) Alicante<br \/>\nT\u00e9l\u00e9phone.: +34 965.419.164<br \/>\n<a href=\"mailto:info@gardensolutionscostablanca.com\">info@gardensolutionscostablanca.com<\/a><br \/>\nGPS: 38\u00ba08\u201935.87\u2019\u2019N 0\u00ba39\u201942.01\u201d O<\/p>\n<blockquote>\n<p><strong><a href=\"https:\/\/www.google.com\/maps\/dir\/\/38.143423742598394,-0.6617701458533556\/@38.143423742598394,-0.6617701458533556,12z\" target=\"_blank\" rel=\"noopener\">Comment arriver?<\/a><\/strong><\/p>\n<\/blockquote>\n<\/div><\/section><\/p>\n<\/div><\/div>\n<style type=\"text\/css\" data-created_by=\"avia_inline_auto\" id=\"style-css-av-3gldyn-92300e393cad62b46277a3a06ef72adf\">\n.flex_cell.av-3gldyn-92300e393cad62b46277a3a06ef72adf{\nvertical-align:top;\npadding:50px 50px 50px 50px;\nbackground-color:#719430;\n}\n<\/style>\n<div class='flex_cell av_three_fifth av-3gldyn-92300e393cad62b46277a3a06ef72adf no_margin  avia-builder-el-12  el_after_av_cell_two_fifth  avia-builder-el-last  avia-full-stretch' ><div class='flex_cell_inner'>\n<style type=\"text\/css\" data-created_by=\"avia_inline_auto\" id=\"style-css-av-bmmev-c63dd16e6b4e24cf544f1bef9809f97b\">\n.flex_column.av-bmmev-c63dd16e6b4e24cf544f1bef9809f97b{\nborder-radius:0px 0px 0px 0px;\n-webkit-border-radius:0px 0px 0px 0px;\n-moz-border-radius:0px 0px 0px 0px;\npadding:50px 50px 50px 50px;\nbackground-color:#ffffff;\n}\n<\/style>\n<div class='flex_column av-bmmev-c63dd16e6b4e24cf544f1bef9809f97b av_one_full  avia-builder-el-13  avia-builder-el-no-sibling  first flex_column_div avia-full-contain '   ><form action=\"https:\/\/gardensolutions.ampersandmarketing.es\/fr\/contactez-nous\/\" method=\"post\"  class=\"avia_ajax_form av-form-labels-visible   avia-builder-el-14  avia-builder-el-no-sibling   \" data-avia-form-id=\"1\" data-avia-redirect='' ><fieldset><p class='  first_form  form_element form_element_half' id='element_avia_1_1'><label for=\"avia_1_1\">Nom <abbr class=\"required\" title=\"requis(e)\">*<\/abbr><\/label> <input name=\"avia_1_1\" class=\"text_input is_empty\" type=\"text\" id=\"avia_1_1\" value=\"\" \/><\/p><p class='  form_element form_element_half' id='element_avia_2_1'><label for=\"avia_2_1\">E-Mail <abbr class=\"required\" title=\"requis(e)\">*<\/abbr><\/label> <input name=\"avia_2_1\" class=\"text_input is_email\" type=\"text\" id=\"avia_2_1\" value=\"\" \/><\/p><p class='  first_form  form_element form_fullwidth' id='element_avia_3_1'><label for=\"avia_3_1\">T\u00e9l\u00e9phone <abbr class=\"required\" title=\"requis(e)\">*<\/abbr><\/label> <input name=\"avia_3_1\" class=\"text_input is_phone\" type=\"text\" id=\"avia_3_1\" value=\"\" \/><\/p><p class='  first_form  form_element form_fullwidth' id='element_avia_4_1'><label for=\"avia_4_1\">Objet <abbr class=\"required\" title=\"requis(e)\">*<\/abbr><\/label> <input name=\"avia_4_1\" class=\"text_input is_empty\" type=\"text\" id=\"avia_4_1\" value=\"\" \/><\/p><p class='  first_form  form_element form_fullwidth' id='element_avia_5_1'><label for=\"avia_5_1\" class=\"textare_label hidden textare_label_avia_5_1\">Message <abbr class=\"required\" title=\"requis(e)\">*<\/abbr><\/label><textarea  name=\"avia_5_1\" class=\"text_area is_empty\" cols=\"40\" rows=\"7\" id=\"avia_5_1\" ><\/textarea><\/p><p class=\"hidden\"><input type=\"text\" name=\"avia_6_1\" class=\"hidden \" id=\"avia_6_1\" value=\"\" \/><\/p><div id='avia_7_1' class='av-recaptcha-area  first_form  form_element form_fullwidth av-last-visible-form-element '  data-container_class=\"\" data-custom_class=\"\" data-context=\"av_contact_form\" data-token_input=\"av_recaptcha_token\" data-version=\"avia_recaptcha_v3\" data-theme=\"light\" data-size=\"normal\" data-score=\"0.5\" data-text_to_preview=\"\" data-value=\"\"><div class=\"av-google-badge-message hidden\">Ce site est prot\u00e9g\u00e9 par reCAPTCHA et la <a href=\"https:\/\/policies.google.com\/privacy\">politique de confidentialit\u00e9<\/a> de Google et <a href=\"https:\/\/policies.google.com\/terms\">leur conditions d'utilisation<\/a> s'appliquent.<\/div><\/div><p class=' av_form_privacy_check av_contact_privacy_check first_form  form_element form_fullwidth' id='element_avia_8_1'><input  name=\"avia_8_1\" class=\"input_checkbox is_empty\" type=\"checkbox\" id=\"avia_8_1\" value=\"true\"\/><label class=\"input_checkbox_label\" for=\"avia_8_1\">J'ai lu la <a href='https:\/\/gardensolutions.ampersandmarketing.es\/es\/politica-de-privacidad\/' target='_blank' rel=\"noopener\"> Politique de Confidentialit\u00e9 <\/a>et je suis d'accord. <abbr class=\"required\" title=\"requis(e)\">*<\/abbr><\/label><\/p><p class=\"form_element \"><input type=\"hidden\" value=\"1\" name=\"avia_generated_form1\" \/><input type=\"submit\" value=\"Envoyer\" class=\"button\"  data-sending-label=\"Envoi\"\/><\/p><\/fieldset><div class=\"avia-disabled-form\">Ce formulaire est d\u00e9sactiv\u00e9 dans la mesure o\u00f9 vous refusez d'accepter le service Google reCAPTCHA n\u00e9cessaire pour valider toute exp\u00e9dition de message depuis celui-ci.<\/div><\/form><div id=\"ajaxresponse_1\" class=\"ajaxresponse ajaxresponse_1 hidden\"><\/div><\/div>\n<\/div><\/div><\/div><div id='welcome'  class='av-layout-grid-container av-2b6jfr-15770eff9060f696b2cb9b6325fb2c0b entry-content-wrapper main_color av-fixed-cells  avia-builder-el-15  el_after_av_layout_row  avia-builder-el-last  grid-row-not-first  container_wrap sidebar_right'  >\n\n<style type=\"text\/css\" data-created_by=\"avia_inline_auto\" id=\"style-css-av-23ol2n-fa2b04e333f004abb09a10b4f6479209\">\n.flex_cell.av-23ol2n-fa2b04e333f004abb09a10b4f6479209{\nvertical-align:top;\nheight:15px;\nmin-height:15px;\npadding:0px 0px 0px 0px;\nbackground-color:#719430;\n}\n<\/style>\n<div class='flex_cell av_one_fourth av-23ol2n-fa2b04e333f004abb09a10b4f6479209 no_margin  avia-builder-el-16  el_before_av_cell_one_fourth  avia-builder-el-first  av-zero-padding' ><div class='flex_cell_inner'><\/div><\/div>\n<style type=\"text\/css\" data-created_by=\"avia_inline_auto\" id=\"style-css-av-1ygrhz-08687059af8ae2668d7078f804470c79\">\n.flex_cell.av-1ygrhz-08687059af8ae2668d7078f804470c79{\nvertical-align:top;\nheight:15px;\nmin-height:15px;\npadding:0px 0px 0px 0px;\nbackground-color:#92bb46;\n}\n<\/style>\n<div class='flex_cell av_one_fourth av-1ygrhz-08687059af8ae2668d7078f804470c79 no_margin  avia-builder-el-17  el_after_av_cell_one_fourth  el_before_av_cell_one_fourth  av-zero-padding' ><div class='flex_cell_inner'><\/div><\/div>\n<style type=\"text\/css\" data-created_by=\"avia_inline_auto\" id=\"style-css-av-65gf3-409795b837632a6dbc45d11a5c769d49\">\n.flex_cell.av-65gf3-409795b837632a6dbc45d11a5c769d49{\nvertical-align:top;\nheight:15px;\nmin-height:15px;\npadding:0px 0px 0px 0px;\nbackground-color:#acd464;\n}\n<\/style>\n<div class='flex_cell av_one_fourth av-65gf3-409795b837632a6dbc45d11a5c769d49 no_margin  avia-builder-el-18  el_after_av_cell_one_fourth  el_before_av_cell_one_fourth  av-zero-padding' ><div class='flex_cell_inner'><\/div><\/div>\n<style type=\"text\/css\" data-created_by=\"avia_inline_auto\" id=\"style-css-av-5mg07-c3fac98b1e619ce60bd6efeab2c7e0ac\">\n.flex_cell.av-5mg07-c3fac98b1e619ce60bd6efeab2c7e0ac{\nvertical-align:top;\nheight:15px;\nmin-height:15px;\npadding:0px 0px 0px 0px;\nbackground-color:#e1fbb2;\n}\n<\/style>\n<div class='flex_cell av_one_fourth av-5mg07-c3fac98b1e619ce60bd6efeab2c7e0ac no_margin  avia-builder-el-19  el_after_av_cell_one_fourth  avia-builder-el-last  av-zero-padding' ><div class='flex_cell_inner'><\/div><\/div>\n<\/div><\/p>\n","protected":false},"excerpt":{"rendered":"","protected":false},"author":1,"featured_media":0,"parent":0,"menu_order":0,"comment_status":"closed","ping_status":"closed","template":"","meta":[],"_links":{"self":[{"href":"https:\/\/gardensolutions.ampersandmarketing.es\/fr\/wp-json\/wp\/v2\/pages\/951"}],"collection":[{"href":"https:\/\/gardensolutions.ampersandmarketing.es\/fr\/wp-json\/wp\/v2\/pages"}],"about":[{"href":"https:\/\/gardensolutions.ampersandmarketing.es\/fr\/wp-json\/wp\/v2\/types\/page"}],"author":[{"embeddable":true,"href":"https:\/\/gardensolutions.ampersandmarketing.es\/fr\/wp-json\/wp\/v2\/users\/1"}],"replies":[{"embeddable":true,"href":"https:\/\/gardensolutions.ampersandmarketing.es\/fr\/wp-json\/wp\/v2\/comments?post=951"}],"version-history":[{"count":4,"href":"https:\/\/gardensolutions.ampersandmarketing.es\/fr\/wp-json\/wp\/v2\/pages\/951\/revisions"}],"predecessor-version":[{"id":1008,"href":"https:\/\/gardensolutions.ampersandmarketing.es\/fr\/wp-json\/wp\/v2\/pages\/951\/revisions\/1008"}],"wp:attachment":[{"href":"https:\/\/gardensolutions.ampersandmarketing.es\/fr\/wp-json\/wp\/v2\/media?parent=951"}],"curies":[{"name":"wp","href":"https:\/\/api.w.org\/{rel}","templated":true}]}}