{"id":3,"date":"2021-10-06T10:29:33","date_gmt":"2021-10-06T10:29:33","guid":{"rendered":"https:\/\/gardensolutions.ampersandmarketing.es\/?page_id=3"},"modified":"2021-11-12T11:29:41","modified_gmt":"2021-11-12T11:29:41","slug":"politica-de-privacidad","status":"publish","type":"page","link":"https:\/\/gardensolutions.ampersandmarketing.es\/es\/politica-de-privacidad\/","title":{"rendered":"Pol\u00edtica de Privacidad"},"content":{"rendered":"\r\n<blockquote>\r\n<p><strong>Pol\u00edtica de Privacidad<\/strong><\/p>\r\n<\/blockquote>\r\n<p style=\"text-align: justify;\">De acuerdo con lo establecido por la Ley Org\u00e1nica 15\/1999, de 13 de diciembre, de Protecci\u00f3n de Datos de car\u00e1cter Personal, que regula el derecho de informaci\u00f3n de la recogida de datos, Ud. consiente la inclusi\u00f3n de sus datos de car\u00e1cter personal en un fichero, del que es propietario <strong>Garden Solutions Costa Blanca<\/strong>, cuya finalidad es gestionar la agenda de contactos de nuestra empresa, y poder contactar con Ud. para informarle de la informaci\u00f3n solicitada mediante el env\u00edo de comunicaciones profesionales por cualquier medio electr\u00f3nico o no. <strong>Garden Solutions Costa Blanca<\/strong> le informa del derecho de acceso, cancelaci\u00f3n, rectificaci\u00f3n y oposici\u00f3n dirigi\u00e9ndose a:<\/p>\r\n<p style=\"padding-left: 40px; text-align: justify;\">Garden Solutions Costa Blanca<\/p>\r\n<p style=\"padding-left: 40px; text-align: justify;\">Pda La Marina Pol.1 n\u00ba161, 03194<\/p>\r\n<p style=\"padding-left: 40px; text-align: justify;\">La Marina (Elche) Alicante.<\/p>\r\n<p style=\"padding-left: 40px; text-align: justify;\">T\u00e9l\u00e9fono +34 965.419.164<\/p>\r\n<p style=\"padding-left: 40px; text-align: justify;\">Correo electr\u00f3nico: <a href=\"mailto:gemma@gardensolutionscostablanca.com\">gemma@gardensolutionscostablanca.com<\/a><\/p>\r\n","protected":false},"excerpt":{"rendered":"<p>Pol\u00edtica de Privacidad De acuerdo con lo establecido por la Ley Org\u00e1nica 15\/1999, de 13 de diciembre, de Protecci\u00f3n de Datos de car\u00e1cter Personal, que regula el derecho de informaci\u00f3n de la recogida de datos, Ud. consiente la inclusi\u00f3n de sus datos de car\u00e1cter personal en un fichero, del que es propietario Garden Solutions Costa [&hellip;]<\/p>\n","protected":false},"author":1,"featured_media":0,"parent":0,"menu_order":0,"comment_status":"closed","ping_status":"open","template":"","meta":[],"_links":{"self":[{"href":"https:\/\/gardensolutions.ampersandmarketing.es\/es\/wp-json\/wp\/v2\/pages\/3"}],"collection":[{"href":"https:\/\/gardensolutions.ampersandmarketing.es\/es\/wp-json\/wp\/v2\/pages"}],"about":[{"href":"https:\/\/gardensolutions.ampersandmarketing.es\/es\/wp-json\/wp\/v2\/types\/page"}],"author":[{"embeddable":true,"href":"https:\/\/gardensolutions.ampersandmarketing.es\/es\/wp-json\/wp\/v2\/users\/1"}],"replies":[{"embeddable":true,"href":"https:\/\/gardensolutions.ampersandmarketing.es\/es\/wp-json\/wp\/v2\/comments?post=3"}],"version-history":[{"count":4,"href":"https:\/\/gardensolutions.ampersandmarketing.es\/es\/wp-json\/wp\/v2\/pages\/3\/revisions"}],"predecessor-version":[{"id":513,"href":"https:\/\/gardensolutions.ampersandmarketing.es\/es\/wp-json\/wp\/v2\/pages\/3\/revisions\/513"}],"wp:attachment":[{"href":"https:\/\/gardensolutions.ampersandmarketing.es\/es\/wp-json\/wp\/v2\/media?parent=3"}],"curies":[{"name":"wp","href":"https:\/\/api.w.org\/{rel}","templated":true}]}}